{"id":12439,"date":"2017-12-13T17:46:06","date_gmt":"2017-12-13T15:46:06","guid":{"rendered":"https:\/\/heakodanik.ee\/ru\/?page_id=12439"},"modified":"2018-12-11T13:54:15","modified_gmt":"2018-12-11T11:54:15","slug":"kontakt","status":"publish","type":"page","link":"https:\/\/heakodanik.ee\/ru\/kogukonnapraktika\/kontakt\/","title":{"rendered":"\u041a\u043e\u043d\u0442\u0430\u043a\u0442"},"content":{"rendered":"<p><strong><img loading=\"lazy\" decoding=\"async\" class=\"alignnone wp-image-15683\" src=\"http:\/\/heakodanik.ee\/wp-content\/uploads\/2016\/08\/1497559112.png\" alt=\"\" width=\"27\" height=\"27\" \/>\u00a0 \u00a0<a href=\"https:\/\/www.facebook.com\/noorheakodanik\/\" target=\"_blank\" rel=\"noopener\">NOOR Hea Kodanik | Kogukonnapraktika<\/a><\/strong><\/p>\n<h4><strong>Helen Talalaev \/ \u0425\u044d\u043b\u0435\u043d \u0422\u0430\u043b\u0430\u043b\u0430\u0435\u0432<\/strong><\/h4>\n<ul class=\"contact\">\n<li class=\"email\"><a href=\"mailto:helen@heakodanik.ee\">helen@heakodanik.ee<\/a><\/li>\n<li class=\"phone\">5649 9330<\/li>\n<li class=\"email\">Harjumaa, J\u00e4rvamaa, L\u00e4\u00e4nemaa, L\u00e4\u00e4ne-Virumaa, P\u00e4rnumaa, Raplamaa, Saaremaa, Hiiumaa<\/li>\n<\/ul>\n<h4><strong>Lauri Luide \/ \u041b\u0430\u0443\u0440\u0438 \u041b\u0443\u0439\u0434\u044d<\/strong><\/h4>\n<ul class=\"contact\">\n<li class=\"email\"><a href=\"mailto:lauri@heakodanik.ee\">lauri@heakodanik.ee<\/a><\/li>\n<li class=\"phone\">5622 0086<\/li>\n<li class=\"phone\">\u043f\u043e \u0432\u0441\u0435\u0439 \u042d\u0441\u0442\u043e\u043d\u0438\u0438<\/li>\n<\/ul>\n","protected":false},"excerpt":{"rendered":"<p>\u00a0 \u00a0NOOR Hea Kodanik | Kogukonnapraktika Helen Talalaev \/ \u0425\u044d\u043b\u0435\u043d \u0422\u0430\u043b\u0430\u043b\u0430\u0435\u0432 helen@heakodanik.ee 5649 9330 Harjumaa, J\u00e4rvamaa, L\u00e4\u00e4nemaa, L\u00e4\u00e4ne-Virumaa, P\u00e4rnumaa, Raplamaa, Saaremaa, Hiiumaa Lauri Luide \/ \u041b\u0430\u0443\u0440\u0438 \u041b\u0443\u0439\u0434\u044d lauri@heakodanik.ee 5622 0086 \u043f\u043e \u0432\u0441\u0435\u0439 \u042d\u0441\u0442\u043e\u043d\u0438\u0438<\/p>\n","protected":false},"author":16,"featured_media":0,"parent":11980,"menu_order":0,"comment_status":"closed","ping_status":"closed","template":"","meta":{"_acf_changed":false,"footnotes":""},"class_list":["post-12439","page","type-page","status-publish","hentry"],"acf":[],"yoast_head":"<!-- This site is optimized with the Yoast SEO plugin v27.3 - https:\/\/yoast.com\/product\/yoast-seo-wordpress\/ -->\n<title>\u041a\u043e\u043d\u0442\u0430\u043a\u0442 - \u0421\u043e\u044e\u0437 \u043e\u0431\u0449\u0435\u0441\u0442\u0432\u0435\u043d\u043d\u044b\u0445 \u043e\u0431\u044a\u0435\u0434\u0438\u043d\u0435\u043d\u0438\u0439<\/title>\n<meta name=\"robots\" content=\"index, follow, max-snippet:-1, max-image-preview:large, max-video-preview:-1\" \/>\n<link rel=\"canonical\" href=\"https:\/\/heakodanik.ee\/ru\/kogukonnapraktika\/kontakt\/\" \/>\n<meta property=\"og:locale\" content=\"ru_RU\" \/>\n<meta property=\"og:type\" content=\"article\" \/>\n<meta property=\"og:title\" content=\"\u041a\u043e\u043d\u0442\u0430\u043a\u0442 - \u0421\u043e\u044e\u0437 \u043e\u0431\u0449\u0435\u0441\u0442\u0432\u0435\u043d\u043d\u044b\u0445 \u043e\u0431\u044a\u0435\u0434\u0438\u043d\u0435\u043d\u0438\u0439\" \/>\n<meta property=\"og:description\" content=\"\u00a0 \u00a0NOOR Hea Kodanik | Kogukonnapraktika Helen Talalaev \/ \u0425\u044d\u043b\u0435\u043d \u0422\u0430\u043b\u0430\u043b\u0430\u0435\u0432 helen@heakodanik.ee 5649 9330 Harjumaa, J\u00e4rvamaa, L\u00e4\u00e4nemaa, L\u00e4\u00e4ne-Virumaa, P\u00e4rnumaa, Raplamaa, Saaremaa, Hiiumaa Lauri Luide \/ \u041b\u0430\u0443\u0440\u0438 \u041b\u0443\u0439\u0434\u044d lauri@heakodanik.ee 5622 0086 \u043f\u043e \u0432\u0441\u0435\u0439 \u042d\u0441\u0442\u043e\u043d\u0438\u0438\" \/>\n<meta property=\"og:url\" content=\"https:\/\/heakodanik.ee\/ru\/kogukonnapraktika\/kontakt\/\" \/>\n<meta property=\"og:site_name\" content=\"\u0421\u043e\u044e\u0437 \u043e\u0431\u0449\u0435\u0441\u0442\u0432\u0435\u043d\u043d\u044b\u0445 \u043e\u0431\u044a\u0435\u0434\u0438\u043d\u0435\u043d\u0438\u0439\" \/>\n<meta property=\"article:modified_time\" content=\"2018-12-11T11:54:15+00:00\" \/>\n<meta property=\"og:image\" content=\"http:\/\/heakodanik.ee\/wp-content\/uploads\/2016\/08\/1497559112.png\" \/>\n<meta name=\"twitter:card\" content=\"summary_large_image\" \/>\n<script type=\"application\/ld+json\" class=\"yoast-schema-graph\">{\"@context\":\"https:\\\/\\\/schema.org\",\"@graph\":[{\"@type\":\"WebPage\",\"@id\":\"https:\\\/\\\/heakodanik.ee\\\/ru\\\/kogukonnapraktika\\\/kontakt\\\/\",\"url\":\"https:\\\/\\\/heakodanik.ee\\\/ru\\\/kogukonnapraktika\\\/kontakt\\\/\",\"name\":\"\u041a\u043e\u043d\u0442\u0430\u043a\u0442 - \u0421\u043e\u044e\u0437 \u043e\u0431\u0449\u0435\u0441\u0442\u0432\u0435\u043d\u043d\u044b\u0445 \u043e\u0431\u044a\u0435\u0434\u0438\u043d\u0435\u043d\u0438\u0439\",\"isPartOf\":{\"@id\":\"https:\\\/\\\/www.heakodanik.ee\\\/ru\\\/#website\"},\"primaryImageOfPage\":{\"@id\":\"https:\\\/\\\/heakodanik.ee\\\/ru\\\/kogukonnapraktika\\\/kontakt\\\/#primaryimage\"},\"image\":{\"@id\":\"https:\\\/\\\/heakodanik.ee\\\/ru\\\/kogukonnapraktika\\\/kontakt\\\/#primaryimage\"},\"thumbnailUrl\":\"http:\\\/\\\/heakodanik.ee\\\/wp-content\\\/uploads\\\/2016\\\/08\\\/1497559112.png\",\"datePublished\":\"2017-12-13T15:46:06+00:00\",\"dateModified\":\"2018-12-11T11:54:15+00:00\",\"breadcrumb\":{\"@id\":\"https:\\\/\\\/heakodanik.ee\\\/ru\\\/kogukonnapraktika\\\/kontakt\\\/#breadcrumb\"},\"inLanguage\":\"ru-RU\",\"potentialAction\":[{\"@type\":\"ReadAction\",\"target\":[\"https:\\\/\\\/heakodanik.ee\\\/ru\\\/kogukonnapraktika\\\/kontakt\\\/\"]}]},{\"@type\":\"ImageObject\",\"inLanguage\":\"ru-RU\",\"@id\":\"https:\\\/\\\/heakodanik.ee\\\/ru\\\/kogukonnapraktika\\\/kontakt\\\/#primaryimage\",\"url\":\"http:\\\/\\\/heakodanik.ee\\\/wp-content\\\/uploads\\\/2016\\\/08\\\/1497559112.png\",\"contentUrl\":\"http:\\\/\\\/heakodanik.ee\\\/wp-content\\\/uploads\\\/2016\\\/08\\\/1497559112.png\"},{\"@type\":\"BreadcrumbList\",\"@id\":\"https:\\\/\\\/heakodanik.ee\\\/ru\\\/kogukonnapraktika\\\/kontakt\\\/#breadcrumb\",\"itemListElement\":[{\"@type\":\"ListItem\",\"position\":1,\"name\":\"Home\",\"item\":\"https:\\\/\\\/www.heakodanik.ee\\\/ru\\\/\"},{\"@type\":\"ListItem\",\"position\":2,\"name\":\"\u041f\u0440\u0430\u043a\u0442\u0438\u043a\u0430 \u0432 \u043e\u0431\u0449\u0435\u0441\u0442\u0432\u0435\u043d\u043d\u043e\u043c \u043e\u0431\u044a\u0435\u0434\u0438\u043d\u0435\u043d\u0438\u0438\",\"item\":\"https:\\\/\\\/heakodanik.ee\\\/ru\\\/kogukonnapraktika\\\/\"},{\"@type\":\"ListItem\",\"position\":3,\"name\":\"\u041a\u043e\u043d\u0442\u0430\u043a\u0442\"}]},{\"@type\":\"WebSite\",\"@id\":\"https:\\\/\\\/www.heakodanik.ee\\\/ru\\\/#website\",\"url\":\"https:\\\/\\\/www.heakodanik.ee\\\/ru\\\/\",\"name\":\"\u0421\u043e\u044e\u0437 \u043e\u0431\u0449\u0435\u0441\u0442\u0432\u0435\u043d\u043d\u044b\u0445 \u043e\u0431\u044a\u0435\u0434\u0438\u043d\u0435\u043d\u0438\u0439\",\"description\":\"\u0421\u043e\u044e\u0437 \u043e\u0431\u0449\u0435\u0441\u0442\u0432\u0435\u043d\u043d\u044b\u0445 \u043e\u0431\u044a\u0435\u0434\u0438\u043d\u0435\u043d\u0438\u0439\",\"potentialAction\":[{\"@type\":\"SearchAction\",\"target\":{\"@type\":\"EntryPoint\",\"urlTemplate\":\"https:\\\/\\\/www.heakodanik.ee\\\/ru\\\/?s={search_term_string}\"},\"query-input\":{\"@type\":\"PropertyValueSpecification\",\"valueRequired\":true,\"valueName\":\"search_term_string\"}}],\"inLanguage\":\"ru-RU\"}]}<\/script>\n<!-- \/ Yoast SEO plugin. -->","yoast_head_json":{"title":"\u041a\u043e\u043d\u0442\u0430\u043a\u0442 - \u0421\u043e\u044e\u0437 \u043e\u0431\u0449\u0435\u0441\u0442\u0432\u0435\u043d\u043d\u044b\u0445 \u043e\u0431\u044a\u0435\u0434\u0438\u043d\u0435\u043d\u0438\u0439","robots":{"index":"index","follow":"follow","max-snippet":"max-snippet:-1","max-image-preview":"max-image-preview:large","max-video-preview":"max-video-preview:-1"},"canonical":"https:\/\/heakodanik.ee\/ru\/kogukonnapraktika\/kontakt\/","og_locale":"ru_RU","og_type":"article","og_title":"\u041a\u043e\u043d\u0442\u0430\u043a\u0442 - \u0421\u043e\u044e\u0437 \u043e\u0431\u0449\u0435\u0441\u0442\u0432\u0435\u043d\u043d\u044b\u0445 \u043e\u0431\u044a\u0435\u0434\u0438\u043d\u0435\u043d\u0438\u0439","og_description":"\u00a0 \u00a0NOOR Hea Kodanik | Kogukonnapraktika Helen Talalaev \/ \u0425\u044d\u043b\u0435\u043d \u0422\u0430\u043b\u0430\u043b\u0430\u0435\u0432 helen@heakodanik.ee 5649 9330 Harjumaa, J\u00e4rvamaa, L\u00e4\u00e4nemaa, L\u00e4\u00e4ne-Virumaa, P\u00e4rnumaa, Raplamaa, Saaremaa, Hiiumaa Lauri Luide \/ \u041b\u0430\u0443\u0440\u0438 \u041b\u0443\u0439\u0434\u044d lauri@heakodanik.ee 5622 0086 \u043f\u043e \u0432\u0441\u0435\u0439 \u042d\u0441\u0442\u043e\u043d\u0438\u0438","og_url":"https:\/\/heakodanik.ee\/ru\/kogukonnapraktika\/kontakt\/","og_site_name":"\u0421\u043e\u044e\u0437 \u043e\u0431\u0449\u0435\u0441\u0442\u0432\u0435\u043d\u043d\u044b\u0445 \u043e\u0431\u044a\u0435\u0434\u0438\u043d\u0435\u043d\u0438\u0439","article_modified_time":"2018-12-11T11:54:15+00:00","og_image":[{"url":"http:\/\/heakodanik.ee\/wp-content\/uploads\/2016\/08\/1497559112.png","type":"","width":"","height":""}],"twitter_card":"summary_large_image","schema":{"@context":"https:\/\/schema.org","@graph":[{"@type":"WebPage","@id":"https:\/\/heakodanik.ee\/ru\/kogukonnapraktika\/kontakt\/","url":"https:\/\/heakodanik.ee\/ru\/kogukonnapraktika\/kontakt\/","name":"\u041a\u043e\u043d\u0442\u0430\u043a\u0442 - \u0421\u043e\u044e\u0437 \u043e\u0431\u0449\u0435\u0441\u0442\u0432\u0435\u043d\u043d\u044b\u0445 \u043e\u0431\u044a\u0435\u0434\u0438\u043d\u0435\u043d\u0438\u0439","isPartOf":{"@id":"https:\/\/www.heakodanik.ee\/ru\/#website"},"primaryImageOfPage":{"@id":"https:\/\/heakodanik.ee\/ru\/kogukonnapraktika\/kontakt\/#primaryimage"},"image":{"@id":"https:\/\/heakodanik.ee\/ru\/kogukonnapraktika\/kontakt\/#primaryimage"},"thumbnailUrl":"http:\/\/heakodanik.ee\/wp-content\/uploads\/2016\/08\/1497559112.png","datePublished":"2017-12-13T15:46:06+00:00","dateModified":"2018-12-11T11:54:15+00:00","breadcrumb":{"@id":"https:\/\/heakodanik.ee\/ru\/kogukonnapraktika\/kontakt\/#breadcrumb"},"inLanguage":"ru-RU","potentialAction":[{"@type":"ReadAction","target":["https:\/\/heakodanik.ee\/ru\/kogukonnapraktika\/kontakt\/"]}]},{"@type":"ImageObject","inLanguage":"ru-RU","@id":"https:\/\/heakodanik.ee\/ru\/kogukonnapraktika\/kontakt\/#primaryimage","url":"http:\/\/heakodanik.ee\/wp-content\/uploads\/2016\/08\/1497559112.png","contentUrl":"http:\/\/heakodanik.ee\/wp-content\/uploads\/2016\/08\/1497559112.png"},{"@type":"BreadcrumbList","@id":"https:\/\/heakodanik.ee\/ru\/kogukonnapraktika\/kontakt\/#breadcrumb","itemListElement":[{"@type":"ListItem","position":1,"name":"Home","item":"https:\/\/www.heakodanik.ee\/ru\/"},{"@type":"ListItem","position":2,"name":"\u041f\u0440\u0430\u043a\u0442\u0438\u043a\u0430 \u0432 \u043e\u0431\u0449\u0435\u0441\u0442\u0432\u0435\u043d\u043d\u043e\u043c \u043e\u0431\u044a\u0435\u0434\u0438\u043d\u0435\u043d\u0438\u0438","item":"https:\/\/heakodanik.ee\/ru\/kogukonnapraktika\/"},{"@type":"ListItem","position":3,"name":"\u041a\u043e\u043d\u0442\u0430\u043a\u0442"}]},{"@type":"WebSite","@id":"https:\/\/www.heakodanik.ee\/ru\/#website","url":"https:\/\/www.heakodanik.ee\/ru\/","name":"\u0421\u043e\u044e\u0437 \u043e\u0431\u0449\u0435\u0441\u0442\u0432\u0435\u043d\u043d\u044b\u0445 \u043e\u0431\u044a\u0435\u0434\u0438\u043d\u0435\u043d\u0438\u0439","description":"\u0421\u043e\u044e\u0437 \u043e\u0431\u0449\u0435\u0441\u0442\u0432\u0435\u043d\u043d\u044b\u0445 \u043e\u0431\u044a\u0435\u0434\u0438\u043d\u0435\u043d\u0438\u0439","potentialAction":[{"@type":"SearchAction","target":{"@type":"EntryPoint","urlTemplate":"https:\/\/www.heakodanik.ee\/ru\/?s={search_term_string}"},"query-input":{"@type":"PropertyValueSpecification","valueRequired":true,"valueName":"search_term_string"}}],"inLanguage":"ru-RU"}]}},"_links":{"self":[{"href":"https:\/\/heakodanik.ee\/ru\/wp-json\/wp\/v2\/pages\/12439","targetHints":{"allow":["GET"]}}],"collection":[{"href":"https:\/\/heakodanik.ee\/ru\/wp-json\/wp\/v2\/pages"}],"about":[{"href":"https:\/\/heakodanik.ee\/ru\/wp-json\/wp\/v2\/types\/page"}],"author":[{"embeddable":true,"href":"https:\/\/heakodanik.ee\/ru\/wp-json\/wp\/v2\/users\/16"}],"replies":[{"embeddable":true,"href":"https:\/\/heakodanik.ee\/ru\/wp-json\/wp\/v2\/comments?post=12439"}],"version-history":[{"count":4,"href":"https:\/\/heakodanik.ee\/ru\/wp-json\/wp\/v2\/pages\/12439\/revisions"}],"predecessor-version":[{"id":13388,"href":"https:\/\/heakodanik.ee\/ru\/wp-json\/wp\/v2\/pages\/12439\/revisions\/13388"}],"up":[{"embeddable":true,"href":"https:\/\/heakodanik.ee\/ru\/wp-json\/wp\/v2\/pages\/11980"}],"wp:attachment":[{"href":"https:\/\/heakodanik.ee\/ru\/wp-json\/wp\/v2\/media?parent=12439"}],"curies":[{"name":"wp","href":"https:\/\/api.w.org\/{rel}","templated":true}]}}